{"id":263,"date":"2013-04-25T09:36:10","date_gmt":"2013-04-25T09:36:10","guid":{"rendered":"http:\/\/www.tockapromjene.net\/?page_id=263"},"modified":"2024-01-27T10:08:49","modified_gmt":"2024-01-27T10:08:49","slug":"coaching","status":"publish","type":"page","link":"https:\/\/tockapromjene.net\/?page_id=263","title":{"rendered":"coaching"},"content":{"rendered":"<div  class='flex_column av-10nu3b-7c6db4a6fe1cbafd46494ce1a3929035 av_one_full  avia-builder-el-0  el_before_av_section  avia-builder-el-no-sibling  first flex_column_div  '     ><section  class='av_textblock_section av-lrquawzf-02f9d1429d1cdd284a938b681659ffd4 '   itemscope=\"itemscope\" itemtype=\"https:\/\/schema.org\/CreativeWork\" ><div class='avia_textblock'  itemprop=\"text\" ><h1>COACHING\/\u00a0INDIVIDUALNI RAZVOJNI PROGRAM<\/h1>\n<\/div><\/section><\/div><\/div><\/div><\/div><!-- close content main div --><\/div><\/div><div id='av_section_1'  class='avia-section av-lrquhbd7-893920b7d44f910eae73c447252d35d7 main_color avia-section-default avia-no-border-styling  avia-builder-el-2  el_after_av_one_full  el_before_av_one_half  avia-bg-style-scroll container_wrap fullsize'  ><div class='container av-section-cont-open' ><div class='template-page content  av-content-full alpha units'><div class='post-entry post-entry-type-page post-entry-263'><div class='entry-content-wrapper clearfix'>\n<div  class='flex_column av-rggb3-cc6604c7378b37bdf1e6d3dfcf10ec79 av_one_half  avia-builder-el-3  el_before_av_one_half  avia-builder-el-first  first flex_column_div  '     ><section  class='av_textblock_section av-lpixd1ky-1497b32b37150b77251d1bce5aac9c73 '   itemscope=\"itemscope\" itemtype=\"https:\/\/schema.org\/CreativeWork\" ><div class='avia_textblock'  itemprop=\"text\" ><h3 style=\"text-align: left;\">Tu smo za va\u0161e klju\u010dne ljude!<\/h3>\n<h5 style=\"text-align: left;\">Posebno u zahtjevnim situacijama.<\/h5>\n<\/div><\/section><br \/>\n<section  class='av_textblock_section av-lpix8drl-8e91c15565394650dfaaa3938cd8d5b2 '   itemscope=\"itemscope\" itemtype=\"https:\/\/schema.org\/CreativeWork\" ><div class='avia_textblock'  itemprop=\"text\" ><p><strong>P<\/strong><b>odr\u017eavamo menad\u017eere i klju\u010dne eksperte <\/b>u kvalitetnom no\u0161enju radne uloge:<\/p>\n<p>\u2022<b> upravljanje promjenama\u00a0<\/b>(vje\u0161tine i primjene u praksi)<br \/>\n. \u2022 poduka i razvoj bazi\u010dnih voditeljskih kapaciteta<br \/>\n. \u2022 uskla\u0111ivanje radnih uloga<br \/>\n. \u2022 razvoj otpornosti na stres, prevencija izgaranja<br \/>\n\u2022 <strong>moderacija timskih procesa <\/strong>(razvoj tima, pomo\u0107 u krizama)<br \/>\n\u2022 savjetovanje o <strong>odnosima s klijentima<\/strong>\/internim i vanjskim<\/p>\n<p><strong>* Coaching obi\u010dno ugovaraju organizacije, no mo\u017eete nam se obratiti i za osobni dogovor.<\/strong><\/p>\n<\/div><\/section><\/p><\/div><div  class='flex_column av-niyxz-7fad36735e425af3a959e74a020b4c8a av_one_half  avia-builder-el-6  el_after_av_one_half  el_before_av_hr  flex_column_div  '     ><style type=\"text\/css\" data-created_by=\"avia_inline_auto\" id=\"style-css-av-lpix5vg2-0af5b043c9aafa9ad1b084d0520ad323\">\n.avia-image-container.av-lpix5vg2-0af5b043c9aafa9ad1b084d0520ad323 img.avia_image{\nbox-shadow:none;\n}\n.avia-image-container.av-lpix5vg2-0af5b043c9aafa9ad1b084d0520ad323 .av-image-caption-overlay-center{\ncolor:#ffffff;\n}\n<\/style>\n<div  class='avia-image-container av-lpix5vg2-0af5b043c9aafa9ad1b084d0520ad323 av-styling- avia-align-center  avia-builder-el-7  avia-builder-el-no-sibling '   itemprop=\"image\" itemscope=\"itemscope\" itemtype=\"https:\/\/schema.org\/ImageObject\" ><div class=\"avia-image-container-inner\"><div class=\"avia-image-overlay-wrap\"><img decoding=\"async\" fetchpriority=\"high\" class='wp-image-2393 avia-img-lazy-loading-not-2393 avia_image ' src=\"https:\/\/tockapromjene.net\/wp-content\/uploads\/2023\/11\/savjet-1030x535.png\" alt='' title='savjet'  height=\"535\" width=\"1030\"  itemprop=\"thumbnailUrl\" srcset=\"https:\/\/tockapromjene.net\/wp-content\/uploads\/2023\/11\/savjet-1030x535.png 1030w, https:\/\/tockapromjene.net\/wp-content\/uploads\/2023\/11\/savjet-300x156.png 300w, https:\/\/tockapromjene.net\/wp-content\/uploads\/2023\/11\/savjet-768x399.png 768w, https:\/\/tockapromjene.net\/wp-content\/uploads\/2023\/11\/savjet-1536x798.png 1536w, https:\/\/tockapromjene.net\/wp-content\/uploads\/2023\/11\/savjet-1500x780.png 1500w, https:\/\/tockapromjene.net\/wp-content\/uploads\/2023\/11\/savjet-705x366.png 705w, https:\/\/tockapromjene.net\/wp-content\/uploads\/2023\/11\/savjet.png 1747w\" sizes=\"(max-width: 1030px) 100vw, 1030px\" \/><\/div><\/div><\/div><\/div>\n<style type=\"text\/css\" data-created_by=\"avia_inline_auto\" id=\"style-css-av-19f8f-c2ac862bd0ed518699f9b7f22d80f18e\">\n#top .hr.hr-invisible.av-19f8f-c2ac862bd0ed518699f9b7f22d80f18e{\nheight:50px;\n}\n<\/style>\n<div  class='hr av-19f8f-c2ac862bd0ed518699f9b7f22d80f18e hr-invisible  avia-builder-el-8  el_after_av_one_half  el_before_av_one_half '><span class='hr-inner '><span class=\"hr-inner-style\"><\/span><\/span><\/div>\n<div  class='flex_column av-qxt0f-e751f91df7a217ddb6f44bb361ca300a av_one_half  avia-builder-el-9  el_after_av_hr  el_before_av_one_half  first flex_column_div  '     ><p>\n<style type=\"text\/css\" data-created_by=\"avia_inline_auto\" id=\"style-css-av-ntbmn-143eba2f46ece9b493b832bc4b4f7dd4\">\n#top .hr.hr-invisible.av-ntbmn-143eba2f46ece9b493b832bc4b4f7dd4{\nheight:50px;\n}\n<\/style>\n<div  class='hr av-ntbmn-143eba2f46ece9b493b832bc4b4f7dd4 hr-invisible  avia-builder-el-10  el_before_av_image  avia-builder-el-first '><span class='hr-inner '><span class=\"hr-inner-style\"><\/span><\/span><\/div><br \/>\n\n<style type=\"text\/css\" data-created_by=\"avia_inline_auto\" id=\"style-css-av-lrqud6vr-1bb38a41098783ed195b744291ef355f\">\n.avia-image-container.av-lrqud6vr-1bb38a41098783ed195b744291ef355f img.avia_image{\nbox-shadow:none;\n}\n.avia-image-container.av-lrqud6vr-1bb38a41098783ed195b744291ef355f .av-image-caption-overlay-center{\ncolor:#ffffff;\n}\n<\/style>\n<div  class='avia-image-container av-lrqud6vr-1bb38a41098783ed195b744291ef355f av-styling- avia-align-center  avia-builder-el-11  el_after_av_hr  avia-builder-el-last '   itemprop=\"image\" itemscope=\"itemscope\" itemtype=\"https:\/\/schema.org\/ImageObject\" ><div class=\"avia-image-container-inner\"><div class=\"avia-image-overlay-wrap\"><img decoding=\"async\" fetchpriority=\"high\" class='wp-image-2861 avia-img-lazy-loading-not-2861 avia_image ' src=\"https:\/\/tockapromjene.net\/wp-content\/uploads\/2024\/01\/assetbased-1030x578.jpg\" alt='' title='assetbased'  height=\"578\" width=\"1030\"  itemprop=\"thumbnailUrl\" srcset=\"https:\/\/tockapromjene.net\/wp-content\/uploads\/2024\/01\/assetbased-1030x578.jpg 1030w, https:\/\/tockapromjene.net\/wp-content\/uploads\/2024\/01\/assetbased-300x168.jpg 300w, https:\/\/tockapromjene.net\/wp-content\/uploads\/2024\/01\/assetbased-768x431.jpg 768w, https:\/\/tockapromjene.net\/wp-content\/uploads\/2024\/01\/assetbased-1536x862.jpg 1536w, https:\/\/tockapromjene.net\/wp-content\/uploads\/2024\/01\/assetbased-1500x842.jpg 1500w, https:\/\/tockapromjene.net\/wp-content\/uploads\/2024\/01\/assetbased-705x396.jpg 705w, https:\/\/tockapromjene.net\/wp-content\/uploads\/2024\/01\/assetbased.jpg 1593w\" sizes=\"(max-width: 1030px) 100vw, 1030px\" \/><\/div><\/div><\/div><\/p><\/div><div  class='flex_column av-8g2yn-1ca2e397488c4a3958e0c7c22fb5554b av_one_half  avia-builder-el-12  el_after_av_one_half  avia-builder-el-last  flex_column_div  '     ><section  class='av_textblock_section av-lpix3txf-d781405d55b67baf6fe57df314078a61 '   itemscope=\"itemscope\" itemtype=\"https:\/\/schema.org\/CreativeWork\" ><div class='avia_textblock'  itemprop=\"text\" ><h3>Kada je osobi coaching koristan?<\/h3>\n<p>Coaching je kontinuirani proces podr\u0161ke razvoju tima ili pojedinca. Ponekad je potreban samo jedan ili par susreta, za orijentaciju, usmjerenje i poticaj, \u0161to obi\u010dno nazivamo savjetovanjem ili konzultacijama. Coaching je potreban kada osobe:<\/p>\n<ul>\n<li>trebaju oblikovati ili osna\u017eiti svoju voditeljsku ulogu<\/li>\n<li>ote\u017eano uspostavljaju granice zbog naglog rasta ili promjena<\/li>\n<li>balansiraju kontradiktorne uloge (kontrola i motiviranje)<\/li>\n<li>\u017eele uspje\u0161no sudjelovati u inicijativama promjene<\/li>\n<li>mijenjaju vlastito pona\u0161anje kako bi razvili bolji timski rad<\/li>\n<li>preispituju vlastitu posve\u0107enost vrijednostima koje su u osnovi organizacijskih ciljeva<\/li>\n<li>znaju \u0161to treba raditi, ali ne i kako to napraviti<\/li>\n<li>se suo\u010davaju s krizom samopouzdanja pod prevelikim pritiskom ili u pripremi za novu radnu ulogu<\/li>\n<li>uklju\u010deni su u planiranje i provedbu spajanja (merge) ili reorganizaciju<\/li>\n<li>trebaju dobro balansirati odnose i prihvatiti napetost izme\u0111u po\u0161tivanja organizacijskih pravila i zanemarivanja tih granica\/pravila kako bi se razvili odnosi s klijentima, dobavlja\u010dima, kolegama i konkurencijom<\/li>\n<\/ul>\n<\/div><\/section><\/div>\n<\/div><\/div><\/div><!-- close content main div --><\/div><\/div><div id='after_section_1'  class='main_color av_default_container_wrap container_wrap fullsize'  ><div class='container av-section-cont-open' ><div class='template-page content  av-content-full alpha units'><div class='post-entry post-entry-type-page post-entry-263'><div class='entry-content-wrapper clearfix'><\/p>\n\n<style type=\"text\/css\" data-created_by=\"avia_inline_auto\" id=\"style-css-av-lr6kzfi2-0021915ef8ce175e7dea7e9d4b632747\">\n@keyframes av_boxShadowEffect_av-lr6kzfi2-0021915ef8ce175e7dea7e9d4b632747-column {\n0%   { box-shadow:  0 0 0 0 ; opacity: 1; }\n100% { box-shadow:  0 0 10px 0 ; opacity: 1; }\n}\n<\/style>\n<div  class='flex_column av-lr6kzfi2-0021915ef8ce175e7dea7e9d4b632747 av_one_half  avia-builder-el-14  el_after_av_section  el_before_av_one_half  avia-builder-el-first  first flex_column_div  '     ><section  class='av_textblock_section av-lr6khtzb-cb5974dfded7f08a131ee7b2c85e12fb '   itemscope=\"itemscope\" itemtype=\"https:\/\/schema.org\/CreativeWork\" ><div class='avia_textblock'  itemprop=\"text\" ><h4>POLAZI\u0160NA PITANJA<\/h4>\n<p>(Koja si svako radno bi\u0107e treba povremeno postaviti ; )<\/p>\n<p>Uobi\u010dajene teme za individualni rad:<br \/>\n<strong>&#8220;Kako kao osoba funkcioniram u poslu?&#8221;<\/strong><\/p>\n<ul>\n<li>Motivacija &#8211; osobna motivacija i motiviranje tima<\/li>\n<li>Upravljanje vremenom i organiziranost<\/li>\n<li>Zahtjevnost &#8211; kriteriji za svoj vlastiti rad i za rad drugih<\/li>\n<li>Izgaranje na poslu, &#8220;pre\u017eivaljavanje&#8221; stresa<\/li>\n<li>Dono\u0161enje odluka<\/li>\n<li>Konflikti, sklonost konfliktima<\/li>\n<li>Ravnote\u017ea \u00a0izme\u0111u poslovnog i privatnog \u017eivota<\/li>\n<\/ul>\n<\/div><\/section><\/div>\n<div  class='flex_column av-lr6l04uv-4fb8b77fe6446ffe1c58c62993d272ac av_one_half  avia-builder-el-16  el_after_av_one_half  avia-builder-el-last  flex_column_div  '     ><p>\n<style type=\"text\/css\" data-created_by=\"avia_inline_auto\" id=\"style-css-av-6nkfj-3eac18975656255af934a4bcf78de34f\">\n#top .hr.hr-invisible.av-6nkfj-3eac18975656255af934a4bcf78de34f{\nheight:50px;\n}\n<\/style>\n<div  class='hr av-6nkfj-3eac18975656255af934a4bcf78de34f hr-invisible  avia-builder-el-17  el_before_av_textblock  avia-builder-el-first '><span class='hr-inner '><span class=\"hr-inner-style\"><\/span><\/span><\/div><br \/>\n<section  class='av_textblock_section av-lr6kyvl6-cb0533ee1227ed5517dba07c04d99560 '   itemscope=\"itemscope\" itemtype=\"https:\/\/schema.org\/CreativeWork\" ><div class='avia_textblock'  itemprop=\"text\" ><h4>Pitanja o organizacijskoj ulozi<\/h4>\n<p><strong>\u00a0&#8220;Kako funkcioniram u organizaciji?&#8221;<br \/>\n<\/strong><\/p>\n<ul>\n<li>Prihva\u0107anja svoje poslovne uloge i statusa u organizaciji<\/li>\n<li>Pote\u0161ko\u0107e s nejasno definiranom ulogom u organizaciji<\/li>\n<li>Visoka o\u010dekivanja i potreba za velikom efikasno\u0161\u0107u<\/li>\n<li>Kako nagraditi, prepoznati efikasnost i uspje\u0161nost druge osobe<\/li>\n<li>Orijentacija na klijente<\/li>\n<li>Vo\u0111enje tima, organizacije<\/li>\n<li>Konflikti unutar i izme\u0111u timova<\/li>\n<li>Neprijateljstvo, mobbing<\/li>\n<li>Povjerenje tima i povjerenje u tim<\/li>\n<\/ul>\n<p>.<\/p>\n<\/div><\/section><\/p><\/div>\n","protected":false},"excerpt":{"rendered":"","protected":false},"author":2,"featured_media":0,"parent":0,"menu_order":2,"comment_status":"closed","ping_status":"closed","template":"","meta":{"om_disable_all_campaigns":false,"_monsterinsights_skip_tracking":false,"_monsterinsights_sitenote_active":false,"_monsterinsights_sitenote_note":"","_monsterinsights_sitenote_category":0,"footnotes":""},"class_list":["post-263","page","type-page","status-publish","hentry"],"aioseo_notices":[],"_links":{"self":[{"href":"https:\/\/tockapromjene.net\/index.php?rest_route=\/wp\/v2\/pages\/263","targetHints":{"allow":["GET"]}}],"collection":[{"href":"https:\/\/tockapromjene.net\/index.php?rest_route=\/wp\/v2\/pages"}],"about":[{"href":"https:\/\/tockapromjene.net\/index.php?rest_route=\/wp\/v2\/types\/page"}],"author":[{"embeddable":true,"href":"https:\/\/tockapromjene.net\/index.php?rest_route=\/wp\/v2\/users\/2"}],"replies":[{"embeddable":true,"href":"https:\/\/tockapromjene.net\/index.php?rest_route=%2Fwp%2Fv2%2Fcomments&post=263"}],"version-history":[{"count":70,"href":"https:\/\/tockapromjene.net\/index.php?rest_route=\/wp\/v2\/pages\/263\/revisions"}],"predecessor-version":[{"id":2936,"href":"https:\/\/tockapromjene.net\/index.php?rest_route=\/wp\/v2\/pages\/263\/revisions\/2936"}],"wp:attachment":[{"href":"https:\/\/tockapromjene.net\/index.php?rest_route=%2Fwp%2Fv2%2Fmedia&parent=263"}],"curies":[{"name":"wp","href":"https:\/\/api.w.org\/{rel}","templated":true}]}}