{"id":1352,"date":"2021-03-24T13:55:05","date_gmt":"2021-03-24T13:55:05","guid":{"rendered":"http:\/\/www.tockapromjene.net\/?page_id=1352"},"modified":"2026-05-07T07:24:05","modified_gmt":"2026-05-07T07:24:05","slug":"srcana-koherencija","status":"publish","type":"page","link":"https:\/\/tockapromjene.net\/?page_id=1352","title":{"rendered":"sr\u010dana koherencija"},"content":{"rendered":"\n<div  class='flex_column av-gmvoo-dde3638624796e4a02e69af5427ba838 av_two_third  avia-builder-el-1  el_after_av_image  el_before_av_one_third  first flex_column_div  '     ><section  class='av_textblock_section av-lr6hzenc-d643adbcb641c6346d103ae73f876ff1 '   itemscope=\"itemscope\" itemtype=\"https:\/\/schema.org\/CreativeWork\" ><div class='avia_textblock'  itemprop=\"text\" ><h1><em>HRV mjere i SR\u010cANA KOHERENCIJA <\/em><\/h1>\n<p><em>Na\u0161 rad na upravljanju stresom i pove\u0107anju otpornosti i rezilijentnosti temelji se na istra\u017eivanjima HRV (varijabilitet sr\u010danog ritma) koja su okvir za znanstveno razumijevanje stresa. <\/em><\/p>\n<h4>Va\u017eno je nau\u010diti transformirati svoje emocije i aktivirati pozitivan osje\u0107aj ili stav.<\/h4>\n<p><a>Vje\u017ebe disanja prakticiraju se ve\u0107 tisu\u0107ama godina. One poma\u017eu smirivanju, no u ve\u0107ini slu\u010dajeva disanje i promjena misli sami po sebi nemaju mo\u0107 osloboditi vas od emocionalnog stresa ni promijeniti va\u0161e negativne stavove. <strong>Tehnika sr\u010dane koherencije<\/strong><\/a> zami\u0161ljena je tako da vam pomogne <strong>preusmjeriti osje\u0107aje<\/strong>, a ne samo misli. Jednom kad se va\u0161i osje\u0107aji <strong>transformiraju u pozitivnije stanje<\/strong>, tada \u0107e i va\u0161e misli automatski postati uravnote\u017eenije.<\/p>\n<p><strong>Stres je u tijelu<\/strong><br \/>\nTipi\u010dne negativne emocije koje do\u017eivljavamo kad smo pod stresom \u2013 ljutnja, frustracija, anksioznost i zabrinutost \u2013 dovode do poja\u010danog nereda u sr\u010danom ritmu i \u017eiv\u010danom sustavu. Kad do\u017eivljavate ove negativne emocije smanjuje se va\u0161a emocionalna inteligencija i svjesnost o sebi. Poznato je da u takvim trenucima slabije upravljamo sobom te lo\u0161ije zamje\u0107ujemo druge ljude i njihove potrebe. Kada smo takvi na\u0161i odnosi s drugim ljudima pate.Sve \u0161to pro\u017eivljavate kad ste pod stresom doga\u0111a se u va\u0161em tijelu. <a><strong>HeartMath<\/strong>\u00ae <strong>i<\/strong><strong>nstitut<\/strong><\/a> godinama se bavi povezano\u0161\u0107u rada srca i mozga te istra\u017eivanjem na\u010dina utjecaja na vlastitu fiziologiju kada smo pod stresom. U svojim istra\u017eivanjima pokazali su da se razina stresa ili relaksiranosti u tijelu mo\u017ee vidjeti mjerenjem <strong>varijabiliteta sr\u010danog ritma<\/strong>. Isto tako, istra\u017eili su i oblikovali nekoliko tehnika kojima mo\u017eemo utjecati na promjene u organizmu izazvane razli\u010ditim emocijama. Jedna od tih metoda je i<a><strong> tehnika sr\u010dane koherencije<\/strong><\/a><\/p>\n<h5><strong>Sr\u010dani ritam i koherencija<\/strong><\/h5>\n<p><strong>Slika 1. Sr\u010dani ritam u stanju stresa<\/strong><\/p>\n<p>Kad pro\u017eivljavate stresnu emociju poput napetosti, anksioznosti, razdra\u017eljivosti ili ljutnje obrazac va\u0161eg sr\u010danog ritma postaje nepravilan i nekoheren<\/p>\n<p>tan, \u0161to negati<\/p>\n<p>vno utje\u010de na zdravlje, funkcioniranje mozga, u\u010dinkovitost i osje\u0107aj dobrostanja (vidi sliku 1).<\/p>\n<p><img loading=\"lazy\" decoding=\"async\" class=\"size-medium wp-image-2353 aligncenter\" style=\"margin-top: 0px; margin-bottom: 0px;\" src=\"https:\/\/tockapromjene.net\/wp-content\/uploads\/2023\/11\/hrv-300x172.png\" alt=\"\" width=\"300\" height=\"172\" srcset=\"https:\/\/tockapromjene.net\/wp-content\/uploads\/2023\/11\/hrv-300x172.png 300w, https:\/\/tockapromjene.net\/wp-content\/uploads\/2023\/11\/hrv.png 464w\" sizes=\"auto, (max-width: 300px) 100vw, 300px\" \/><\/p>\n<p><strong>Slika 2. Sr\u010dani ritam kod do\u017eivljavanja pozitivnih emocija<\/strong><\/p>\n<p>Kada do\u017eivljavate pozitivne emocije poput zahvalnosti, bri\u017enosti, veselja i ljubavi obrazac va\u0161eg sr\u010danog ritma postaje pravilniji i koherentan (vidi sliku 2).<img loading=\"lazy\" decoding=\"async\" class=\"size-medium wp-image-2352 aligncenter\" src=\"https:\/\/tockapromjene.net\/wp-content\/uploads\/2023\/11\/hrv_coherence-300x173.png\" alt=\"\" width=\"300\" height=\"173\" srcset=\"https:\/\/tockapromjene.net\/wp-content\/uploads\/2023\/11\/hrv_coherence-300x173.png 300w, https:\/\/tockapromjene.net\/wp-content\/uploads\/2023\/11\/hrv_coherence.png 464w\" sizes=\"auto, (max-width: 300px) 100vw, 300px\" \/><\/p>\n<hr \/>\n<p><strong>Sr\u010dana koherencija <\/strong><\/p>\n<p>Jednostavno re\u010deno, kada smo pod stresom ritam rada na\u0161eg srca je desinkroniziran ili kaoti\u010dan. Suprotno tome, pozitivne emocije poput radosti, zahvalnosti, bri\u017enosti i ljubaznosti stvaraju harmoniju u sr\u010danom ritmu. <strong>Sa sr\u010danim ritmom sinkroniziraju se i ostali tjelesni ritmovi <\/strong>&#8211; \u017eiv\u010danog sustava, respiratornog, krvo\u017eilnog, endokrinolo\u0161kog i imunolo\u0161kog sustava. Takvu uskla\u0111enost razli\u010ditih tjelesnih sustava znanstvenici nazivaju <strong>koherencijom<\/strong>. Kada nau\u010dimo ulaziti u stanje koherencije mi i trenutno i dugoro\u010dno utje\u010demo na svoje zdravlje i ukupno dobrostanje.<\/p>\n<h5><strong>Brinite se o sebi \u2013 uvje\u017ebajte tehniku koherencije \u00a0<\/strong><\/h5>\n<p>Svakodnevno uvje\u017ebavajte <a><strong>dola\u017eenje u stanje koherencije.<\/strong><\/a> Vje\u017ebom od samo 5 minuta dnevno u\u010dinit \u0107ete\u00a0 velike pomake. Postat \u0107ete fokusiraniji i kreativniji. Istra\u017eivanja su pokazala da se i funkcioniranje mozga mjerljivo pobolj\u0161ava. Pobolj\u0161at \u0107ete svoju sposobnost rje\u0161avanja problema i uspje\u0161nije \u0107ete se nositi sa stresnim situacijama u trenutku kada se one doga\u0111aju. U\u010denje izazivanja pozitivnih emocija po \u017eelji ubrzava razvoj va\u0161e emocionalne inteligencije.Tehniku sr\u010dane koherencije mo\u017eete koristiti i kada se osje\u0107ate dobro (za vje\u017ebu i za produbljivanje vje\u0161tine) i kada ste umorni ili slabi, i kada imate osje\u0107aj da ne mo\u017eete duboko disati. Ona Vam poma\u017ee pribrati se. Mo\u017eete je prakticirati na radnom mjestu i kod ku\u0107e, na javnom mjestu, u \u010dekaonici, u autu\u2026 bilo gdje. Poku\u0161ajte se tehnikom sr\u010dane koherencije \u201cuzemljiti\u201c prije zahtjevnog razgovora, sastanka ili javnog nastupa.Koherenciju mo\u017eete brzo posti\u0107i i tako osloboditi stres, nadvladati negativne emocije i misli i brzo se osje\u0107ati bolje.Koherencija zna\u010di biti uskla\u0111en. Kada ste uskla\u0111eni, naju\u010dinkovitiji ste. Mo\u017eete osje\u0107ati samopouzdanje, pozitivnu energiju, fokusiranost i biti istovremeno mirni i energizirani. Kada su srce i mozak neuskla\u0111eni (\u201cout of synch\u201d) signali u \u017eiv\u010danom sustavu su kaoti\u010dni. To je kao vozite auto tako da je jedna noga na ko\u010dnici a druga istovremeno na gasu. To uzrokuje neugodnu vo\u017enju, sagorijeva se puno benzina, a auto se brzo tro\u0161i. Kada nam srce i mozak nisu uskla\u0111eni, imamo tendenciju osje\u0107ati se frustrirano, tjeskobno ili ljuto.<\/p>\n<p><strong>Koraci do koherencije:<\/strong><\/p>\n<p>1. Fokusiranje na srce<br \/>\n2. Disanje kroz srce<br \/>\n3. Osje\u0107aj u srcu<\/p>\n<p><img loading=\"lazy\" decoding=\"async\" class=\"alignnone wp-image-2529 size-full\" src=\"https:\/\/tockapromjene.net\/wp-content\/uploads\/2024\/01\/HRV-transformation.jpg\" alt=\"\" width=\"848\" height=\"400\" srcset=\"https:\/\/tockapromjene.net\/wp-content\/uploads\/2024\/01\/HRV-transformation.jpg 848w, https:\/\/tockapromjene.net\/wp-content\/uploads\/2024\/01\/HRV-transformation-300x142.jpg 300w, https:\/\/tockapromjene.net\/wp-content\/uploads\/2024\/01\/HRV-transformation-768x362.jpg 768w, https:\/\/tockapromjene.net\/wp-content\/uploads\/2024\/01\/HRV-transformation-845x400.jpg 845w, https:\/\/tockapromjene.net\/wp-content\/uploads\/2024\/01\/HRV-transformation-705x333.jpg 705w\" sizes=\"auto, (max-width: 848px) 100vw, 848px\" \/><\/p>\n<p>1. Usmjerite svoju pa\u017enju na srce, centar grudnog ko\u0161a. Ukoliko ovo ne razumijete, poku\u0161ajte slijede\u0107e: Fokusirajte se na svoj desni no\u017eni palac i malo ga pomaknite. Zatim usmjerite pa\u017enju na lijevi lakat. Nje\u017eno usmjerite pa\u017enju na centar svojih prsa, na podru\u010dje svojeg srca. Ukoliko izgubite pa\u017enju vratite se polako na podru\u010dje srca. Sada mo\u017eete na sljede\u0107i korak.<\/p>\n<p>2. Di\u0161ite polako i duboko. Zamislite da zrak ulazi i izlazi kroz podru\u010dje srca, kroz centar prsnog ko\u0161a. Sr\u010dano disanje poma\u017ee da po\u010dnete ulaziti u uskla\u0111enost i povla\u010di energiju iz glave, u kojoj se negativne misli i emocije poja\u010davaju. Ovo poma\u017ee neutralizirati stresne osje\u0107aje. Ukoliko vam je te\u0161ko odmaknuti se od stresnih osje\u0107aja, ne brinite. Ve\u0107 i poku\u0161aj da se odmaknete mo\u017ee vam pomo\u0107i da oslobodite mnogo emocionalne energije.<\/p>\n<p>3. Prisjetite se vremena kada ste se iznutra osje\u0107ali dobro, i poku\u0161ajte ponovno pro\u017eivjeti taj osje\u0107aj. Fokusirajte se na taj dobar osje\u0107aj i nastavite disati kroz podru\u010dje svog srca. (To mo\u017ee biti osje\u0107aj ljubavi prema nekoj osobi ili ku\u0107nom ljubimcu, mjestu u kojem u\u017eivate i koje vas ispunjava, aktivnosti koja je bila zabavna.)<\/p>\n<p>Ovo je klju\u010dni korak. Mnogi ljudi nau\u010dili su da se odmah osje\u0107aju i razmi\u0161ljaju bolje kada kroz disanje kroz srce iskuse pozitivne osje\u0107aje kao \u0161to su ljubav, bri\u017enost, po\u0161tovanje. Kada osje\u0107amo pozitivne osje\u0107aje, lak\u0161e nam je ostati mirnima i balansiranima \u010dak i u vrijeme te\u0161kih izazovnih situacija.Ovako mo\u017eete brzo, u samo par minuta dose\u0107i stanje sr\u010dane koherencije (uskla\u0111enosti) koja onda djeluje na \u010ditav organizam. Mo\u017eete to \u010diniti bilo gdje, na bilo kojem mjestu, i nitko ne mora znati da to \u010dinite. Kumulirani stres kreira oblak nekoherencije. Vje\u017ebaju\u0107i koherenciju pove\u0107avate samo-uskla\u0111enost i intuiciju. I vje\u017ebanjem \u0107ete je postizati br\u017ee i lak\u0161e. Mo\u017eete ovu kratku tehniku upotrebljavati ujutro, na poslu ili u \u0161koli, tijekom te\u0161kog razgovora, kada se osje\u0107ate preoptere\u0107eni ili pod pritiskom, bilo kada kada \u017eelite posti\u0107i uskla\u0111enost.<br \/>\n\u00a9 2005 Doc Childre,HeartMath\u00aeinstitute<\/p>\n<h5><strong>Znanost u podlozi emWave tehnologije i sr\u010danih ritmova<\/strong><\/h5>\n<p>Srce je primarni generator ritmi\u010dnih obrazaca u ljudskom tijelu i ima daleko opse\u017eniji komunikacijski sustav s mozgom nego drugi tjelesni organi. K tome, srce igra posebno va\u017enu ulogu u nastanku emocija. Sa svakim otkucajem srce oda\u0161ilje slo\u017eene obrasce neurolo\u0161kih, hormonalnih, tla\u010dnih i elektromagnetskih informacija prema mozgu i kroz tijelo. Kao klju\u010dno \u010dvori\u0161te me\u0111usobno povezanih sustava \u2013 fiziolo\u0161kog, kognitivnog i emocionalnog \u2013 srce je na jedinstveni na\u010din smje\u0161teno kao sna\u017ena ulazna to\u010dka u komunikacijsku mre\u017eu koja povezuje tijelo, um, emocije i duh. Doc Childre i istra\u017eiva\u010dki tim na HeartMath institutu pokazali su da tehnike koje kombiniraju namjerno fokusiranje na srce s istovremenim stvaranjem pozitivnih osje\u0107aja dovode do povoljnog na\u010dina fiziolo\u0161kog funkcioniranja koji su nazvali psihofiziolo\u0161ka koherencija. Pokazatelji psihofiziolo\u0161ke koherencije su sinusoidni obrazac sr\u010danog ritma, pove\u0107ana sinkronizacija srca i mozga (alfa ritam postaje vi\u0161e sinkroniziran sa sr\u010danim ritmom) te uskla\u0111ivanje izme\u0111u obrazaca sr\u010danog ritma, disanja, krvnog tlaka i drugih fiziolo\u0161kih sustava.<\/p>\n<p>Iako je psihofiziolo\u0161ka koherencija prirodno stanje koje se mo\u017ee spontano javiti kad ljudi osje\u0107aju istinske pozitivne emocije kao i za vrijeme spavanja, kontinuirani periodi koherencije su rijetkost. Za vrijeme stanja psihofiziolo\u0161ke koherencije na\u0161i unutarnji sustavi funkcioniraju na vi\u0161oj razini sinkronizacije, u\u010dinkovitosti i harmoni\u010dnosti, \u0161to je povezano s emocionalnom uravnote\u017eeno\u0161\u0107u, kvalitetom emocionalnog do\u017eivljaja, zdravljem i kognitivnim funkcioniranjem. Ispitivanja HeartMatha provedena na razli\u010ditim populacijama pokazala su povezanost pove\u0107ane psihofiziolo\u0161ke koherencije sa smanjenom anksiozno\u0161\u0107u i depresivno\u0161\u0107u, smanjenim tjelesnim simptomima kao negativnim u\u010dincima stresa, pove\u0107anim imunitetom, smanjenom razinom kortizola i pove\u0107anom razinom DHEA(1-5). HeartMath\u00ae institut je sura\u0111ivao sa Sveu\u010dili\u0161tem Stanford i drugim ustanovama u ispitivanjima koja su pokazala da tehnike usmjeravanja na srce i psihofiziolo\u0161ku koherenciju poma\u017eu procesima ozdravljenja tijela i pobolj\u0161avaju tjelesno zdravlje. Primjerice, pobolj\u0161anje klini\u010dkog statusa na\u0111eno je kod osoba s povi\u0161enim krvnim tlakom, dijabetesom, kongestivnom bole\u0161\u0107u srca, astmom i AIDSom(6-10).<a href=\"http:\/\/www.emwave.com\/\">emWave Personal Stress Reliever <\/a>je jedinstveni ure\u0111aj za uvje\u017ebavanje sr\u010dane koherencije. On objektivno prati otkucaje va\u0161eg srca i daje vam informaciju kada ste u stanju koherencije. Poma\u017ee vam da nau\u010dite sami proizvesti stanje koherencije te prati va\u0161 napredak. S vje\u017ebom \u0107ete nau\u010diti kako svojevoljno proizvesti koherenciju \u010dak i u te\u0161kim situacijama koje bi prije iscijedile va\u0161u emocionalnu vitalnost i poletnost. Odmah \u0107ete vidjeti i do\u017eivjeti promjene sr\u010danog ritma kako budete vje\u017ebali tehnike za upravljanje stresom. Va\u0161 \u0107e sr\u010dani ritam postati manje nepravilan i vi\u0161e sinusoidan \u0161to vi\u0161e sr\u010dane ljubavi i zahvalnosti budete oda\u0161iljali kroz svoj sustav.<\/p>\n<p><em>prevedeno s engleskog, <\/em>\u00a9HeartMath LLC 2007<\/p>\n<p><strong>Reference:<\/strong><br \/>\n1. McCraty, R., Barrios-Choplin, B., Rozman, D., Atkinson, M. and Watkins, A. The impact of a new emotional self-management program on stress, emotions, heart rate variability, DHEA and cortisol. Integrative Physiological and Behavioral Science. 1998; 33(2):151-170.<br \/>\n2. McCraty, R. HeartMath learning enhancement programs improve academic performance and behavior in school children. In: Proceedings of the Futurehealth Winter Brain Meeting. Miami, FL, 2001.<br \/>\n3. Barrios-Choplin, B., McCraty, R. and Cryer, B. An inner quality approach to reducing stress and improving physical and emotional wellbeing at work. Stress Medicine. 1997; 13:193-201.<br \/>\n4. McCraty, R., Tomasino, D., Atkinson, M. and Sundram, J. Impact of the HeartMath self-management skills program on physiological and psychological stress in police officers. Boulder Creek, CA: HeartMath Research Center, Institute of HeartMath, Publication No. 99-075.<br \/>\n5. Rein, G., Atkinson, M. and McCraty, R. The physiological and psychological effects of compassion and anger. Journal of Advancement in Medicine. 1995; 8(2):87-105.<br \/>\n6. McCraty, R., Atkinson, M. and Tomasino, D. HeartMath risk reduction program reduces blood pressure and improves psychological well-being in individuals with hypertension. Manuscript in preparation.<br \/>\n7. McCraty, R., Atkinson, M. and Lipsenthal, L. Emotional self-regulation program enhances psychological health and quality of life in patients with diabetes. Manuscript in preparation.<br \/>\n8. Luskin, F., Reitz, M. and Newell, K. Pilot study of a group stress management training on elderly patients with congestive heart failure. Journal of Cardiopulmonary Rehabilitation. 2000; 20(5):303.<br \/>\n9. Rozman, D., Whitaker, R., Beckman, T. and Jones, D. A pilot intervention program which reduces psychological symptomatology in individuals with human immunodeficiency virus. Complementary Therapies in Medicine. 1996; 4:226-232.<br \/>\n10. Lehrer, P., Smetankin, A. and Potapova, T. Respiratory sinus arrhythmia biofeedback therapy for asthma: A report of 20 unmedicated pediatric cases. Applied Psychophysiology and Biofeedback. 2000; 25(3):193-200.<\/p>\n<\/div><\/section><\/div><div  class='flex_column av-2hurns-61454002cb51849d75848c45cb91f2ee av_one_third  avia-builder-el-3  el_after_av_two_third  el_before_av_textblock  flex_column_div  '     ><p>\n<style type=\"text\/css\" data-created_by=\"avia_inline_auto\" id=\"style-css-av-740mvs-175bb54a98bbb1e83dbff64d16974fce\">\n#top .hr.hr-invisible.av-740mvs-175bb54a98bbb1e83dbff64d16974fce{\nheight:50px;\n}\n<\/style>\n<div  class='hr av-740mvs-175bb54a98bbb1e83dbff64d16974fce hr-invisible  avia-builder-el-4  el_before_av_image  avia-builder-el-first '><span class='hr-inner '><span class=\"hr-inner-style\"><\/span><\/span><\/div><br \/>\n\n<style type=\"text\/css\" data-created_by=\"avia_inline_auto\" id=\"style-css-av-lr6ixs4u-a90477950f2bce4f7d17d2d5ee75da13\">\n.avia-image-container.av-lr6ixs4u-a90477950f2bce4f7d17d2d5ee75da13 img.avia_image{\nbox-shadow:none;\n}\n.avia-image-container.av-lr6ixs4u-a90477950f2bce4f7d17d2d5ee75da13 .av-image-caption-overlay-center{\ncolor:#ffffff;\n}\n<\/style>\n<div  class='avia-image-container av-lr6ixs4u-a90477950f2bce4f7d17d2d5ee75da13 av-styling- avia-align-center  avia-builder-el-5  el_after_av_hr  el_before_av_textblock '   itemprop=\"image\" itemscope=\"itemscope\" itemtype=\"https:\/\/schema.org\/ImageObject\" ><div class=\"avia-image-container-inner\"><div class=\"avia-image-overlay-wrap\"><img decoding=\"async\" fetchpriority=\"high\" class='wp-image-2532 avia-img-lazy-loading-not-2532 avia_image ' src=\"https:\/\/tockapromjene.net\/wp-content\/uploads\/2024\/01\/heartmath8-1-300x200.jpg\" alt='' title='heartmath8-1'  height=\"200\" width=\"300\"  itemprop=\"thumbnailUrl\" srcset=\"https:\/\/tockapromjene.net\/wp-content\/uploads\/2024\/01\/heartmath8-1-300x200.jpg 300w, https:\/\/tockapromjene.net\/wp-content\/uploads\/2024\/01\/heartmath8-1-1030x687.jpg 1030w, https:\/\/tockapromjene.net\/wp-content\/uploads\/2024\/01\/heartmath8-1-768x512.jpg 768w, https:\/\/tockapromjene.net\/wp-content\/uploads\/2024\/01\/heartmath8-1-705x470.jpg 705w, https:\/\/tockapromjene.net\/wp-content\/uploads\/2024\/01\/heartmath8-1.jpg 1500w\" sizes=\"(max-width: 300px) 100vw, 300px\" \/><\/div><\/div><\/div><br \/>\n<section  class='av_textblock_section av-lr6j1b25-7be8a7577464681bbed9d6082afba5c5 '   itemscope=\"itemscope\" itemtype=\"https:\/\/schema.org\/CreativeWork\" ><div class='avia_textblock'  itemprop=\"text\" ><p><strong><img loading=\"lazy\" decoding=\"async\" class=\"wp-image-2355 aligncenter\" src=\"https:\/\/tockapromjene.net\/wp-content\/uploads\/2023\/11\/logo.png\" alt=\"\" width=\"189\" height=\"23\" srcset=\"https:\/\/tockapromjene.net\/wp-content\/uploads\/2023\/11\/logo.png 400w, https:\/\/tockapromjene.net\/wp-content\/uploads\/2023\/11\/logo-300x38.png 300w\" sizes=\"auto, (max-width: 189px) 100vw, 189px\" \/> <\/strong><\/p>\n<p><strong>Ovla\u0161teni smo prakti\u010dari<\/strong> <strong>HeartMath metode<\/strong><\/p>\n<p>Od 2009. do 2015. smo bili me\u0111u prvim evropskim distributerima HeartMath proizvoda &#8211; emWave\u00ae senzora i programa. U\u017eivale smo razmjenu znanja s HeartMathom i pristup istra\u017eivanjima. Poslovanje nam je ipak bilo usmjereno na savjetovanje i razvoj, te smo prestali s distribucijom HeartMath proizvoda.<\/p>\n<p>I danas smo (jo\u0161 uvijek inspirirano) prakti\u010dari HeartMath metoda.<br \/>\nS nama mo\u017eete pro\u0107i<strong> u\u010denje kori\u0161tenja tehnologije i primjene:<\/strong><\/p>\n<ul>\n<li>radionice za male grupe (do 12 sudionika)<\/li>\n<li>prezentacija znanja i demonstracije kroz predavanja<\/li>\n<li>inidiviudalna orijentacija i\/ili trening,<\/li>\n<li>individualni dulji programi &#8211; prevencija sagorijevanja i obnavljanje od izgaranja<\/li>\n<li>savjetovanje za timove\/voditelje<\/li>\n<\/ul>\n<p><em>HeartMath senzore \u00a0mo\u017eete naru\u010diti na<br \/>\n<a href=\"http:\/\/www.heartmathdeutschland.de\">HeartMath Deutschland<\/a> ili <a href=\"http:\/\/www.heartmathbenelux.com\">HeartMath Benelux<\/a><\/em><\/p>\n<\/div><\/section><br \/>\n\n<style type=\"text\/css\" data-created_by=\"avia_inline_auto\" id=\"style-css-av-638h4o-01c13902b9018b356cd1e6842c01e30f\">\n#top .hr.hr-invisible.av-638h4o-01c13902b9018b356cd1e6842c01e30f{\nheight:50px;\n}\n<\/style>\n<div  class='hr av-638h4o-01c13902b9018b356cd1e6842c01e30f hr-invisible  avia-builder-el-7  el_after_av_textblock  el_before_av_image '><span class='hr-inner '><span class=\"hr-inner-style\"><\/span><\/span><\/div><br \/>\n\n<style type=\"text\/css\" data-created_by=\"avia_inline_auto\" id=\"style-css-av-lr6iypdo-040940ea1fe75d9d9f0ab68f91faaa6f\">\n.avia-image-container.av-lr6iypdo-040940ea1fe75d9d9f0ab68f91faaa6f img.avia_image{\nbox-shadow:none;\n}\n.avia-image-container.av-lr6iypdo-040940ea1fe75d9d9f0ab68f91faaa6f .av-image-caption-overlay-center{\ncolor:#ffffff;\n}\n<\/style>\n<div  class='avia-image-container av-lr6iypdo-040940ea1fe75d9d9f0ab68f91faaa6f av-styling- avia-align-center  avia-builder-el-8  el_after_av_hr  el_before_av_hr '   itemprop=\"image\" itemscope=\"itemscope\" itemtype=\"https:\/\/schema.org\/ImageObject\" ><div class=\"avia-image-container-inner\"><div class=\"avia-image-overlay-wrap\"><img decoding=\"async\" fetchpriority=\"high\" class='wp-image-2533 avia-img-lazy-loading-not-2533 avia_image ' src=\"https:\/\/tockapromjene.net\/wp-content\/uploads\/2024\/01\/heartmath-innerbalance-box-300x268.jpg\" alt='' title='heartmath-innerbalance-box'  height=\"268\" width=\"300\"  itemprop=\"thumbnailUrl\" srcset=\"https:\/\/tockapromjene.net\/wp-content\/uploads\/2024\/01\/heartmath-innerbalance-box-300x268.jpg 300w, https:\/\/tockapromjene.net\/wp-content\/uploads\/2024\/01\/heartmath-innerbalance-box.jpg 600w\" sizes=\"(max-width: 300px) 100vw, 300px\" \/><\/div><\/div><\/div><br \/>\n\n<style type=\"text\/css\" data-created_by=\"avia_inline_auto\" id=\"style-css-av-2i1uag-34b7d6436af1789b1f5fedde520edc8a\">\n#top .hr.hr-invisible.av-2i1uag-34b7d6436af1789b1f5fedde520edc8a{\nheight:50px;\n}\n<\/style>\n<div  class='hr av-2i1uag-34b7d6436af1789b1f5fedde520edc8a hr-invisible  avia-builder-el-9  el_after_av_image  el_before_av_textblock '><span class='hr-inner '><span class=\"hr-inner-style\"><\/span><\/span><\/div><br \/>\n<section  class='av_textblock_section av-mov5jpo1-0787b15728b40d55500c203b8f27955d '   itemscope=\"itemscope\" itemtype=\"https:\/\/schema.org\/CreativeWork\" ><div class='avia_textblock'  itemprop=\"text\" ><p><strong>Ne, to nisu elektrode po prsima poput EEG-a, sr\u010dani se ritam mjeri na u\u0161noj resici ili prstu.<\/strong><\/p>\n<p>Aplikacije je mogu\u0107e koristiti na ra\u010dunalu, a postoje i prenosivi ure\u0111aji\/senzori koji se mogu koristiti na mobitelima i tabletima:<\/p>\n<\/div><\/section><br \/>\n\n<style type=\"text\/css\" data-created_by=\"avia_inline_auto\" id=\"style-css-av-3jlv4o-2100dab706aff149cf165089c749435a\">\n#top .hr.hr-invisible.av-3jlv4o-2100dab706aff149cf165089c749435a{\nheight:50px;\n}\n<\/style>\n<div  class='hr av-3jlv4o-2100dab706aff149cf165089c749435a hr-invisible  avia-builder-el-11  el_after_av_textblock  el_before_av_image '><span class='hr-inner '><span class=\"hr-inner-style\"><\/span><\/span><\/div><br \/>\n\n<style type=\"text\/css\" data-created_by=\"avia_inline_auto\" id=\"style-css-av-lr6if1cr-dd0bb8ad7053e9c3ce14e5f3ab6f8cbd\">\n.avia-image-container.av-lr6if1cr-dd0bb8ad7053e9c3ce14e5f3ab6f8cbd img.avia_image{\nbox-shadow:none;\n}\n.avia-image-container.av-lr6if1cr-dd0bb8ad7053e9c3ce14e5f3ab6f8cbd .av-image-caption-overlay-center{\ncolor:#ffffff;\n}\n<\/style>\n<div  class='avia-image-container av-lr6if1cr-dd0bb8ad7053e9c3ce14e5f3ab6f8cbd av-styling- avia-align-center  avia-builder-el-12  el_after_av_hr  avia-builder-el-last '   itemprop=\"image\" itemscope=\"itemscope\" itemtype=\"https:\/\/schema.org\/ImageObject\" ><div class=\"avia-image-container-inner\"><div class=\"avia-image-overlay-wrap\"><img decoding=\"async\" fetchpriority=\"high\" class='wp-image-2351 avia-img-lazy-loading-not-2351 avia_image ' src=\"https:\/\/tockapromjene.net\/wp-content\/uploads\/2023\/11\/heartmath_screen_high-300x178.jpg\" alt='' title='heartmath_screen_high'  height=\"178\" width=\"300\"  itemprop=\"thumbnailUrl\" srcset=\"https:\/\/tockapromjene.net\/wp-content\/uploads\/2023\/11\/heartmath_screen_high-300x178.jpg 300w, https:\/\/tockapromjene.net\/wp-content\/uploads\/2023\/11\/heartmath_screen_high-1030x611.jpg 1030w, https:\/\/tockapromjene.net\/wp-content\/uploads\/2023\/11\/heartmath_screen_high-768x456.jpg 768w, https:\/\/tockapromjene.net\/wp-content\/uploads\/2023\/11\/heartmath_screen_high-705x418.jpg 705w, https:\/\/tockapromjene.net\/wp-content\/uploads\/2023\/11\/heartmath_screen_high.jpg 1159w\" sizes=\"(max-width: 300px) 100vw, 300px\" \/><\/div><\/div><\/div><\/p><\/div><section  class='av_textblock_section av-1whirc-b6a51f88742ad9b0613f395cff7bc52b '   itemscope=\"itemscope\" itemtype=\"https:\/\/schema.org\/CreativeWork\" ><div class='avia_textblock'  itemprop=\"text\" ><p>Click here to add your own text<\/p>\n<\/div><\/section><\/p>\n","protected":false},"excerpt":{"rendered":"<p>Rad s HeartMath metodama i tehnologijom temelji se na ideji sr\u010dane koherencije i ovdje mo\u017eete pro\u010ditati o \u010demu se zapravo radi.<\/p>\n","protected":false},"author":2,"featured_media":2529,"parent":46,"menu_order":2,"comment_status":"closed","ping_status":"closed","template":"","meta":{"footnotes":""},"class_list":["post-1352","page","type-page","status-publish","has-post-thumbnail","hentry"],"_links":{"self":[{"href":"https:\/\/tockapromjene.net\/index.php?rest_route=\/wp\/v2\/pages\/1352","targetHints":{"allow":["GET"]}}],"collection":[{"href":"https:\/\/tockapromjene.net\/index.php?rest_route=\/wp\/v2\/pages"}],"about":[{"href":"https:\/\/tockapromjene.net\/index.php?rest_route=\/wp\/v2\/types\/page"}],"author":[{"embeddable":true,"href":"https:\/\/tockapromjene.net\/index.php?rest_route=\/wp\/v2\/users\/2"}],"replies":[{"embeddable":true,"href":"https:\/\/tockapromjene.net\/index.php?rest_route=%2Fwp%2Fv2%2Fcomments&post=1352"}],"version-history":[{"count":31,"href":"https:\/\/tockapromjene.net\/index.php?rest_route=\/wp\/v2\/pages\/1352\/revisions"}],"predecessor-version":[{"id":3219,"href":"https:\/\/tockapromjene.net\/index.php?rest_route=\/wp\/v2\/pages\/1352\/revisions\/3219"}],"up":[{"embeddable":true,"href":"https:\/\/tockapromjene.net\/index.php?rest_route=\/wp\/v2\/pages\/46"}],"wp:featuredmedia":[{"embeddable":true,"href":"https:\/\/tockapromjene.net\/index.php?rest_route=\/wp\/v2\/media\/2529"}],"wp:attachment":[{"href":"https:\/\/tockapromjene.net\/index.php?rest_route=%2Fwp%2Fv2%2Fmedia&parent=1352"}],"curies":[{"name":"wp","href":"https:\/\/api.w.org\/{rel}","templated":true}]}}